{"id":4437,"date":"2024-09-23T19:15:29","date_gmt":"2024-09-23T19:15:29","guid":{"rendered":"https:\/\/www.kanalabeach.eus\/proposition-gastronomique\/"},"modified":"2024-12-26T08:57:21","modified_gmt":"2024-12-26T08:57:21","slug":"proposition-gastronomique","status":"publish","type":"page","link":"https:\/\/www.kanalabeach.eus\/fr\/proposition-gastronomique\/","title":{"rendered":"Proposition gastronomique"},"content":{"rendered":"<p>[et_pb_section fb_built=\u00a0\u00bb1&Prime; admin_label=\u00a0\u00bbpropuestas\u00a0\u00bb _builder_version=\u00a0\u00bb4.25.1&Prime; _module_preset=\u00a0\u00bbdefault\u00a0\u00bb background_color=\u00a0\u00bb#020202&Prime; background_image=\u00a0\u00bbhttps:\/\/www.kanalabeach.eus\/wp-content\/uploads\/2024\/05\/DSCF3605-scaled.jpg\u00a0\u00bb background_size=\u00a0\u00bbcontain\u00a0\u00bb background_position=\u00a0\u00bbtop_right\u00a0\u00bb background_horizontal_offset=\u00a0\u00bb-15vw\u00a0\u00bb positioning=\u00a0\u00bbnone\u00a0\u00bb custom_margin=\u00a0\u00bb0px||0px||false|false\u00a0\u00bb custom_margin_tablet=\u00a0\u00bb0px||0px||false|false\u00a0\u00bb custom_margin_phone=\u00a0\u00bb0px|0px|0px|0px|false|true\u00a0\u00bb custom_margin_last_edited=\u00a0\u00bbon|phone\u00a0\u00bb custom_padding=\u00a0\u00bb0px|0px|0px|0px|true|true\u00a0\u00bb background_last_edited=\u00a0\u00bbon|phone\u00a0\u00bb background_position_phone=\u00a0\u00bbtop_center\u00a0\u00bb background_horizontal_offset_tablet=\u00a0\u00bb0vw\u00a0\u00bb background_vertical_offset_tablet=\u00a0\u00bb-10%\u00a0\u00bb background_vertical_offset_phone=\u00a0\u00bb0%\u00a0\u00bb global_colors_info=\u00a0\u00bb{}\u00a0\u00bb][et_pb_row column_structure=\u00a0\u00bb1_2,1_2&Prime; custom_padding_last_edited=\u00a0\u00bbon|phone\u00a0\u00bb module_id=\u00a0\u00bbdetalles\u00a0\u00bb _builder_version=\u00a0\u00bb4.25.1&Prime; _module_preset=\u00a0\u00bbdefault\u00a0\u00bb background_enable_color=\u00a0\u00bboff\u00a0\u00bb positioning=\u00a0\u00bbnone\u00a0\u00bb width=\u00a0\u00bb100%\u00a0\u00bb max_width=\u00a0\u00bb1600px\u00a0\u00bb module_alignment=\u00a0\u00bbcenter\u00a0\u00bb custom_margin=\u00a0\u00bb0px|0px|0px|0px|true|true\u00a0\u00bb custom_padding=\u00a0\u00bb0px|30px|0px|30px|false|true\u00a0\u00bb custom_padding_tablet=\u00a0\u00bb274px||35px|30px|false|false\u00a0\u00bb custom_padding_phone=\u00a0\u00bb180px|0px||0px|false|true\u00a0\u00bb background_last_edited=\u00a0\u00bbon|desktop\u00a0\u00bb global_colors_info=\u00a0\u00bb{}\u00a0\u00bb][et_pb_column type=\u00a0\u00bb1_2&Prime; _builder_version=\u00a0\u00bb4.25.1&Prime; _module_preset=\u00a0\u00bbdefault\u00a0\u00bb use_background_color_gradient=\u00a0\u00bbon\u00a0\u00bb background_color_gradient_direction=\u00a0\u00bb90deg\u00a0\u00bb background_color_gradient_stops=\u00a0\u00bb#020202 83%|rgba(2,2,2,0) 100%\u00a0\u00bb custom_padding=\u00a0\u00bb0px|0px|0px|0px|false|false\u00a0\u00bb background_last_edited=\u00a0\u00bbon|phone\u00a0\u00bb use_background_color_gradient_tablet=\u00a0\u00bboff\u00a0\u00bb use_background_color_gradient_phone=\u00a0\u00bboff\u00a0\u00bb global_colors_info=\u00a0\u00bb{}\u00a0\u00bb][et_pb_text module_id=\u00a0\u00bbdetalles\u00a0\u00bb _builder_version=\u00a0\u00bb4.27.4&Prime; _module_preset=\u00a0\u00bbdefault\u00a0\u00bb text_font=\u00a0\u00bbMontserrat||||||||\u00a0\u00bb text_font_size=\u00a0\u00bb16px\u00a0\u00bb text_line_height=\u00a0\u00bb1.4em\u00a0\u00bb header_font=\u00a0\u00bbBitter|300|||||||\u00a0\u00bb header_3_font=\u00a0\u00bb&#8211;et_global_body_font|300|||||||\u00a0\u00bb header_3_text_color=\u00a0\u00bbrgba(255,255,255,0.64)\u00a0\u00bb header_3_font_size=\u00a0\u00bb48px\u00a0\u00bb header_4_font=\u00a0\u00bbBitter|700|||||||\u00a0\u00bb header_4_font_size=\u00a0\u00bb20px\u00a0\u00bb width=\u00a0\u00bb80%\u00a0\u00bb width_tablet=\u00a0\u00bb100%\u00a0\u00bb width_phone=\u00a0\u00bb100%\u00a0\u00bb width_last_edited=\u00a0\u00bbon|tablet\u00a0\u00bb max_width=\u00a0\u00bb600px\u00a0\u00bb module_alignment=\u00a0\u00bbcenter\u00a0\u00bb custom_margin=\u00a0\u00bb|0px||0px|false|true\u00a0\u00bb custom_padding=\u00a0\u00bb115px|37px||37px|false|true\u00a0\u00bb custom_padding_tablet=\u00a0\u00bb115px|37px||37px|false|true\u00a0\u00bb custom_padding_phone=\u00a0\u00bb87px|37px||37px|false|true\u00a0\u00bb custom_padding_last_edited=\u00a0\u00bbon|phone\u00a0\u00bb hover_enabled=\u00a0\u00bb0&Prime; text_font_tablet=\u00a0\u00bbMontserrat||||||||\u00a0\u00bb text_font_phone=\u00a0\u00bbMontserrat||||||||\u00a0\u00bb text_font_last_edited=\u00a0\u00bbon|phone\u00a0\u00bb text_font_size_tablet=\u00a0\u00bb16px\u00a0\u00bb text_font_size_phone=\u00a0\u00bb14px\u00a0\u00bb text_font_size_last_edited=\u00a0\u00bbon|phone\u00a0\u00bb header_3_font_tablet=\u00a0\u00bb&#8211;et_global_body_font|300|||||||\u00a0\u00bb header_3_font_phone=\u00a0\u00bb&#8211;et_global_body_font|800|||||||\u00a0\u00bb header_3_font_last_edited=\u00a0\u00bbon|phone\u00a0\u00bb header_3_font_size_tablet=\u00a0\u00bb52px\u00a0\u00bb header_3_font_size_phone=\u00a0\u00bb36px\u00a0\u00bb header_3_font_size_last_edited=\u00a0\u00bbon|phone\u00a0\u00bb background_last_edited=\u00a0\u00bbon|phone\u00a0\u00bb use_background_color_gradient_tablet=\u00a0\u00bbon\u00a0\u00bb use_background_color_gradient_phone=\u00a0\u00bbon\u00a0\u00bb background_color_gradient_direction_tablet=\u00a0\u00bb1deg\u00a0\u00bb background_color_gradient_stops_tablet=\u00a0\u00bb#0a0101 69%|rgba(10,2,2,0) 100%\u00a0\u00bb background_color_gradient_stops_phone=\u00a0\u00bb#0a0101 71%|rgba(10,2,2,0) 100%\u00a0\u00bb module_alignment_tablet=\u00a0\u00bbcenter\u00a0\u00bb module_alignment_phone=\u00a0\u00bbcenter\u00a0\u00bb module_alignment_last_edited=\u00a0\u00bbon|desktop\u00a0\u00bb global_colors_info=\u00a0\u00bb{}\u00a0\u00bb header_font_size__hover_enabled=\u00a0\u00bbon|desktop\u00a0\u00bb sticky_enabled=\u00a0\u00bb0&Prime;]<\/p>\n<h3 style=\"text-align: left;\">Les propositions<br \/>savoureuses du <br \/>restaurant GASTRONOMIQUE<\/h3>\n<p>&nbsp;<\/p>\n<p>La carte de Kanala Beach est une proposition vari\u00e9e et innovante, cr\u00e9\u00e9e par <a href=\"..\/chefs\">Jon Otxandio <\/a>et en<br \/>collaboration temporaire de mise en route avec le mythique chef Josemi Olazabalaga (\u00e9toil\u00e9<br \/>Michelin au restaurant Aizian).<\/p>\n<p style=\"text-align: left;\">Ce sont des plats pr\u00e9vus pour faire plaisir et surprendre, o\u00f9 se marient le savoir-faire acquis<br \/>par l\u2019exp\u00e9rience avec une dose de cr\u00e9ativit\u00e9 et r\u00e9alis\u00e9s avec beaucoup d\u2019amour.<\/p>\n<p style=\"text-align: left;\"><a href=\"..\/gastronomico-beach\">Le restaurant GASTRONOMIQUE<\/a> est un lieu con\u00e7u pour vous permettre d\u2019appr\u00e9cier toutes les<br \/>nuances de notre offre culinaire.<\/p>\n<p>[\/et_pb_text][et_pb_text disabled_on=\u00a0\u00bbon|on|off\u00a0\u00bb module_id=\u00a0\u00bbdetalles\u00a0\u00bb _builder_version=\u00a0\u00bb4.25.1&Prime; _module_preset=\u00a0\u00bbdefault\u00a0\u00bb text_font=\u00a0\u00bbMontserrat||||||||\u00a0\u00bb text_font_size=\u00a0\u00bb16px\u00a0\u00bb text_line_height=\u00a0\u00bb1.4em\u00a0\u00bb header_font=\u00a0\u00bbBitter|300|||||||\u00a0\u00bb header_3_font=\u00a0\u00bb&#8211;et_global_body_font|300|||||||\u00a0\u00bb header_3_text_color=\u00a0\u00bbrgba(255,255,255,0.64)\u00a0\u00bb header_3_font_size=\u00a0\u00bb52px\u00a0\u00bb header_4_font=\u00a0\u00bbBitter|700|||||||\u00a0\u00bb header_4_font_size=\u00a0\u00bb20px\u00a0\u00bb width=\u00a0\u00bb80%\u00a0\u00bb max_width=\u00a0\u00bb600px\u00a0\u00bb module_alignment=\u00a0\u00bbcenter\u00a0\u00bb custom_margin=\u00a0\u00bb|0px||0px|false|true\u00a0\u00bb custom_padding=\u00a0\u00bb15px|37px|62px|37px|false|true\u00a0\u00bb custom_padding_tablet=\u00a0\u00bb15px|37px|62px|37px|false|true\u00a0\u00bb custom_padding_phone=\u00a0\u00bb25px|37px||37px|false|true\u00a0\u00bb custom_padding_last_edited=\u00a0\u00bbon|phone\u00a0\u00bb text_font_tablet=\u00a0\u00bbMontserrat||||||||\u00a0\u00bb text_font_phone=\u00a0\u00bbMontserrat||||||||\u00a0\u00bb text_font_last_edited=\u00a0\u00bbon|phone\u00a0\u00bb text_font_size_tablet=\u00a0\u00bb16px\u00a0\u00bb text_font_size_phone=\u00a0\u00bb14px\u00a0\u00bb text_font_size_last_edited=\u00a0\u00bbon|phone\u00a0\u00bb header_3_font_tablet=\u00a0\u00bb&#8211;et_global_body_font|300|||||||\u00a0\u00bb header_3_font_phone=\u00a0\u00bb&#8211;et_global_body_font|800|||||||\u00a0\u00bb header_3_font_last_edited=\u00a0\u00bbon|phone\u00a0\u00bb header_3_font_size_tablet=\u00a0\u00bb52px\u00a0\u00bb header_3_font_size_phone=\u00a0\u00bb36px\u00a0\u00bb header_3_font_size_last_edited=\u00a0\u00bbon|phone\u00a0\u00bb global_colors_info=\u00a0\u00bb{}\u00a0\u00bb header_font_size__hover_enabled=\u00a0\u00bbon|desktop\u00a0\u00bb]<\/p>\n<p>La <a href=\"..\/carta-gastronomico\/\">carte GASTRONOMIQUE <\/a>vous propose un voyage avec quatre escales possibles :<\/p>\n<p style=\"text-align: left;\">Premi\u00e8re escale, le produit. Des plats o\u00f9 la mati\u00e8re premi\u00e8re occupe une place de choix :<br \/>jambon cru <em>Joselito<\/em>, crevettes de Huelva, cecina de b\u0153uf <em>Wagyu<\/em>, <em>foie<\/em> gras, anchois, poivrons.<\/p>\n<p style=\"text-align: left;\">Deuxi\u00e8me escale, les entr\u00e9es. Des propositions d\u2019auteur qui sont de v\u00e9ritables d\u00e9lices avec des<br \/>touches tr\u00e8s personnelles.<\/p>\n<p style=\"text-align: left;\">La troisi\u00e8me escale sont les plats : des viandes et poissons m\u00e9morables.<\/p>\n<p style=\"text-align: left;\">Enfin, le dessert, un p\u00e9ch\u00e9 auquel vous ne pourrez vous emp\u00eacher de succomber.<\/p>\n<p style=\"text-align: left;\">[\/et_pb_text][\/et_pb_column][et_pb_column type=\u00a0\u00bb1_2&Prime; _builder_version=\u00a0\u00bb4.25.1&Prime; _module_preset=\u00a0\u00bbdefault\u00a0\u00bb global_colors_info=\u00a0\u00bb{}\u00a0\u00bb][\/et_pb_column][\/et_pb_row][\/et_pb_section][et_pb_section fb_built=\u00a0\u00bb1&Prime; disabled_on=\u00a0\u00bboff|off|off\u00a0\u00bb admin_label=\u00a0\u00bbarroz\u00a0\u00bb _builder_version=\u00a0\u00bb4.25.1&Prime; _module_preset=\u00a0\u00bbdefault\u00a0\u00bb background_color=\u00a0\u00bbrgba(226,226,226,0.43)\u00a0\u00bb background_enable_image=\u00a0\u00bboff\u00a0\u00bb background_size=\u00a0\u00bbcontain\u00a0\u00bb positioning=\u00a0\u00bbnone\u00a0\u00bb custom_margin=\u00a0\u00bb0px||0px||false|false\u00a0\u00bb custom_margin_tablet=\u00a0\u00bb0px||0px||false|false\u00a0\u00bb custom_margin_phone=\u00a0\u00bb0px||0px||false|false\u00a0\u00bb custom_margin_last_edited=\u00a0\u00bbon|phone\u00a0\u00bb custom_padding=\u00a0\u00bb0px||0px||true|false\u00a0\u00bb global_colors_info=\u00a0\u00bb{}\u00a0\u00bb][et_pb_row column_structure=\u00a0\u00bb1_2,1_2&Prime; module_id=\u00a0\u00bbdetalles\u00a0\u00bb _builder_version=\u00a0\u00bb4.25.1&Prime; _module_preset=\u00a0\u00bbdefault\u00a0\u00bb background_enable_color=\u00a0\u00bboff\u00a0\u00bb positioning=\u00a0\u00bbnone\u00a0\u00bb width=\u00a0\u00bb100%\u00a0\u00bb max_width=\u00a0\u00bb1900px\u00a0\u00bb custom_margin=\u00a0\u00bb0px||0px||true|false\u00a0\u00bb custom_padding=\u00a0\u00bb0px||0px||true|false\u00a0\u00bb custom_css_main_element=\u00a0\u00bb@media screen and ( max-width: 980px ) {||.reverse {||    display: flex;||    flex-direction: column-reverse;||    }||}\u00a0\u00bb global_colors_info=\u00a0\u00bb{}\u00a0\u00bb][et_pb_column type=\u00a0\u00bb1_2&Prime; _builder_version=\u00a0\u00bb4.25.1&Prime; _module_preset=\u00a0\u00bbdefault\u00a0\u00bb background_enable_color=\u00a0\u00bboff\u00a0\u00bb z_index=\u00a0\u00bb0&Prime; global_colors_info=\u00a0\u00bb{}\u00a0\u00bb][et_pb_text module_id=\u00a0\u00bbdetalles\u00a0\u00bb _builder_version=\u00a0\u00bb4.25.1&Prime; _module_preset=\u00a0\u00bbdefault\u00a0\u00bb text_font=\u00a0\u00bbMontserrat||||||||\u00a0\u00bb text_font_size=\u00a0\u00bb16px\u00a0\u00bb text_line_height=\u00a0\u00bb1.4em\u00a0\u00bb link_font=\u00a0\u00bb|700|||||||\u00a0\u00bb link_text_color=\u00a0\u00bb#0a0a0a\u00a0\u00bb header_font=\u00a0\u00bbBitter|300|||||||\u00a0\u00bb header_3_font=\u00a0\u00bb&#8211;et_global_body_font|300|||||||\u00a0\u00bb header_3_font_size=\u00a0\u00bb52px\u00a0\u00bb header_4_font=\u00a0\u00bbBitter|700|||||||\u00a0\u00bb header_4_font_size=\u00a0\u00bb20px\u00a0\u00bb width=\u00a0\u00bb90%\u00a0\u00bb max_width=\u00a0\u00bb600px\u00a0\u00bb module_alignment=\u00a0\u00bbcenter\u00a0\u00bb custom_margin_tablet=\u00a0\u00bb||||false|false\u00a0\u00bb custom_margin_phone=\u00a0\u00bb||||false|false\u00a0\u00bb custom_margin_last_edited=\u00a0\u00bbon|tablet\u00a0\u00bb custom_padding=\u00a0\u00bb115px|20px|24px|20px|false|true\u00a0\u00bb custom_padding_tablet=\u00a0\u00bb||70px||false|true\u00a0\u00bb custom_padding_phone=\u00a0\u00bb||70px||false|true\u00a0\u00bb custom_padding_last_edited=\u00a0\u00bbon|tablet\u00a0\u00bb text_font_tablet=\u00a0\u00bbMontserrat||||||||\u00a0\u00bb text_font_phone=\u00a0\u00bbMontserrat||||||||\u00a0\u00bb text_font_last_edited=\u00a0\u00bbon|phone\u00a0\u00bb text_font_size_tablet=\u00a0\u00bb16px\u00a0\u00bb text_font_size_phone=\u00a0\u00bb14px\u00a0\u00bb text_font_size_last_edited=\u00a0\u00bbon|phone\u00a0\u00bb header_3_font_tablet=\u00a0\u00bb&#8211;et_global_body_font|300|||||||\u00a0\u00bb header_3_font_phone=\u00a0\u00bb&#8211;et_global_body_font|800|||||||\u00a0\u00bb header_3_font_last_edited=\u00a0\u00bbon|phone\u00a0\u00bb header_3_font_size_tablet=\u00a0\u00bb52px\u00a0\u00bb header_3_font_size_phone=\u00a0\u00bb36px\u00a0\u00bb header_3_font_size_last_edited=\u00a0\u00bbon|phone\u00a0\u00bb global_colors_info=\u00a0\u00bb{}\u00a0\u00bb header_font_size__hover_enabled=\u00a0\u00bbon|desktop\u00a0\u00bb]<\/p>\n<h3>Les riz de la TERRASSE<br \/>Kanala Beach<\/h3>\n<p>&nbsp;<\/p>\n<p>La carte du restaurant TERRASSE est une proposition plus l\u00e9g\u00e8re, mais tout aussi riche en<br \/>saveurs et produits de grande qualit\u00e9. Sur la terrasse, vous pourrez partager en plein air des<br \/>plats de toutes les sortes. Mais notre choix se porte sans aucun doute sur une s\u00e9lection de riz<br \/>qui vous \u00e9tonnera.  <\/p>\n<p>Cette fois, Jon Otxandio a b\u00e9n\u00e9fici\u00e9 de la collaboration du maestro des riz alicantins <a href=\"%20Cesar%20Marquiegui%20(@brigadasmarquieguistas)%20Instagram%20https:\/\/www.instagram.com%20%E2%80%BA%20brigadasmarquieguistas\">C\u00e9sar<br \/>Marquiegui.<\/a> Les <a href=\"https:\/\/www.kanalabeach.eus\/fr\/?page_id=4479\">propositions de riz<\/a> que vous pouvez trouver sur la <a href=\"..\/carta-terraza\">carte TERRASSE <\/a>sont<br \/>apparues \u00e0 la suite de la rencontre culinaire organis\u00e9e par Kanala Beach en juin 2024. <\/p>\n<p>Ni paella valencienne, ni riz alicantins, Kanala Beach vous concocte des riz \u00e0 partir de bouillons<br \/>maison de r\u00e9duction lente et de produits de premi\u00e8re qualit\u00e9.<\/p>\n<p>Ils sont pr\u00e9par\u00e9s \u00e0 la minute, ce qui implique 20\/25 minutes d\u2019attente.<\/p>\n<p>Minimum deux personnes.<\/p>\n<p>[\/et_pb_text][\/et_pb_column][et_pb_column type=\u00a0\u00bb1_2&Prime; _builder_version=\u00a0\u00bb4.25.1&Prime; _module_preset=\u00a0\u00bbdefault\u00a0\u00bb background_enable_image=\u00a0\u00bboff\u00a0\u00bb global_colors_info=\u00a0\u00bb{}\u00a0\u00bb][et_pb_code _builder_version=\u00a0\u00bb4.25.1&Prime; _module_preset=\u00a0\u00bbdefault\u00a0\u00bb background_image=\u00a0\u00bbhttps:\/\/www.kanalabeach.eus\/wp-content\/uploads\/2024\/10\/KANALA-77-1.jpg\u00a0\u00bb min_height=\u00a0\u00bb650px\u00a0\u00bb min_height_tablet=\u00a0\u00bb500px\u00a0\u00bb min_height_phone=\u00a0\u00bb400px\u00a0\u00bb min_height_last_edited=\u00a0\u00bbon|phone\u00a0\u00bb background_last_edited=\u00a0\u00bbon|phone\u00a0\u00bb background_size_tablet=\u00a0\u00bbcover\u00a0\u00bb background_image_width_tablet=\u00a0\u00bb173%\u00a0\u00bb background_image_width_phone=\u00a0\u00bb350%\u00a0\u00bb background_position_tablet=\u00a0\u00bbtop_center\u00a0\u00bb background_vertical_offset_tablet=\u00a0\u00bb48%\u00a0\u00bb background_vertical_offset_phone=\u00a0\u00bb0%\u00a0\u00bb global_colors_info=\u00a0\u00bb{}\u00a0\u00bb][\/et_pb_code][\/et_pb_column][\/et_pb_row][\/et_pb_section]<\/p>\n","protected":false},"excerpt":{"rendered":"<p>Les propositionssavoureuses du restaurant GASTRONOMIQUE &nbsp; La carte de Kanala Beach est une proposition vari\u00e9e et innovante, cr\u00e9\u00e9e par Jon Otxandio et encollaboration temporaire de mise en route avec le mythique chef Josemi Olazabalaga (\u00e9toil\u00e9Michelin au restaurant Aizian). Ce sont des plats pr\u00e9vus pour faire plaisir et surprendre, o\u00f9 se marient le savoir-faire acquispar l\u2019exp\u00e9rience [&hellip;]<\/p>\n","protected":false},"author":1,"featured_media":0,"parent":0,"menu_order":0,"comment_status":"closed","ping_status":"closed","template":"","meta":{"_et_pb_use_builder":"on","_et_pb_old_content":"","_et_gb_content_width":"","footnotes":""},"class_list":["post-4437","page","type-page","status-publish","hentry"],"_links":{"self":[{"href":"https:\/\/www.kanalabeach.eus\/fr\/wp-json\/wp\/v2\/pages\/4437","targetHints":{"allow":["GET"]}}],"collection":[{"href":"https:\/\/www.kanalabeach.eus\/fr\/wp-json\/wp\/v2\/pages"}],"about":[{"href":"https:\/\/www.kanalabeach.eus\/fr\/wp-json\/wp\/v2\/types\/page"}],"author":[{"embeddable":true,"href":"https:\/\/www.kanalabeach.eus\/fr\/wp-json\/wp\/v2\/users\/1"}],"replies":[{"embeddable":true,"href":"https:\/\/www.kanalabeach.eus\/fr\/wp-json\/wp\/v2\/comments?post=4437"}],"version-history":[{"count":6,"href":"https:\/\/www.kanalabeach.eus\/fr\/wp-json\/wp\/v2\/pages\/4437\/revisions"}],"predecessor-version":[{"id":4591,"href":"https:\/\/www.kanalabeach.eus\/fr\/wp-json\/wp\/v2\/pages\/4437\/revisions\/4591"}],"wp:attachment":[{"href":"https:\/\/www.kanalabeach.eus\/fr\/wp-json\/wp\/v2\/media?parent=4437"}],"curies":[{"name":"wp","href":"https:\/\/api.w.org\/{rel}","templated":true}]}}